{"id":12,"date":"2022-03-14T08:17:37","date_gmt":"2022-03-14T08:17:37","guid":{"rendered":"https:\/\/www.virteem.fr\/contact\/"},"modified":"2025-05-02T12:15:33","modified_gmt":"2025-05-02T10:15:33","slug":"contact","status":"publish","type":"page","link":"https:\/\/www.virteem.fr\/en\/contact\/","title":{"rendered":"Contact"},"content":{"rendered":"\t\t<div data-elementor-type=\"wp-page\" data-elementor-id=\"12\" class=\"elementor elementor-12\" data-elementor-post-type=\"page\">\n\t\t\t\t\t\t<section class=\"elementor-section elementor-top-section elementor-element elementor-element-27e8eba9 elementor-section-boxed elementor-section-height-default elementor-section-height-default\" data-id=\"27e8eba9\" data-element_type=\"section\" data-e-type=\"section\" data-settings=\"{&quot;background_background&quot;:&quot;classic&quot;}\">\n\t\t\t\t\t\t<div class=\"elementor-container elementor-column-gap-default\">\n\t\t\t\t\t<div class=\"elementor-column elementor-col-100 elementor-top-column elementor-element elementor-element-4990aeb4\" data-id=\"4990aeb4\" data-element_type=\"column\" data-e-type=\"column\">\n\t\t\t<div class=\"elementor-widget-wrap elementor-element-populated\">\n\t\t\t\t\t\t<section class=\"elementor-section elementor-inner-section elementor-element elementor-element-5a5ba522 elementor-section-content-middle elementor-section-boxed elementor-section-height-default elementor-section-height-default elementor-invisible\" data-id=\"5a5ba522\" data-element_type=\"section\" data-e-type=\"section\" data-settings=\"{&quot;animation&quot;:&quot;fadeInUp&quot;}\">\n\t\t\t\t\t\t<div class=\"elementor-container elementor-column-gap-default\">\n\t\t\t\t\t<div class=\"elementor-column elementor-col-100 elementor-inner-column elementor-element elementor-element-5bb50c9a elementor-invisible\" data-id=\"5bb50c9a\" data-element_type=\"column\" data-e-type=\"column\" data-settings=\"{&quot;animation&quot;:&quot;fadeIn&quot;}\">\n\t\t\t<div class=\"elementor-widget-wrap elementor-element-populated\">\n\t\t\t\t\t\t<div class=\"elementor-element elementor-element-786aaf7d grve-elementor-align-center elementor-widget elementor-widget-impeka_title\" data-id=\"786aaf7d\" data-element_type=\"widget\" data-e-type=\"widget\" data-widget_type=\"impeka_title.default\">\n\t\t\t\t<div class=\"elementor-widget-container\">\n\t\t\t\t\t<h1 class=\"grve-element grve-title grve-h1\" style=\"margin-bottom: 60px;\"><span>Discutons de vos id\u00e9es et de vos projets<br><\/span><\/h1>\t\t\t\t<\/div>\n\t\t\t\t<\/div>\n\t\t\t\t\t<\/div>\n\t\t<\/div>\n\t\t\t\t\t<\/div>\n\t\t<\/section>\n\t\t\t\t<div class=\"elementor-element elementor-element-28734a9 elementor-button-align-stretch elementor-widget elementor-widget-form\" data-id=\"28734a9\" data-element_type=\"widget\" data-e-type=\"widget\" data-settings=\"{&quot;button_width&quot;:&quot;20&quot;,&quot;step_next_label&quot;:&quot;Next&quot;,&quot;step_previous_label&quot;:&quot;Previous&quot;,&quot;step_type&quot;:&quot;number_text&quot;,&quot;step_icon_shape&quot;:&quot;circle&quot;}\" data-widget_type=\"form.default\">\n\t\t\t\t<div class=\"elementor-widget-container\">\n\t\t\t\t\t\t\t<form class=\"elementor-form\" method=\"post\" name=\"New Form\" aria-label=\"New Form\">\n\t\t\t<input type=\"hidden\" name=\"post_id\" value=\"12\"\/>\n\t\t\t<input type=\"hidden\" name=\"form_id\" value=\"28734a9\"\/>\n\t\t\t<input type=\"hidden\" name=\"referer_title\" value=\"Contact : Solutions immersives sur mesure - Virteem\" \/>\n\n\t\t\t\t\t\t\t<input type=\"hidden\" name=\"queried_id\" value=\"12\"\/>\n\t\t\t\n\t\t\t<div class=\"elementor-form-fields-wrapper elementor-labels-above\">\n\t\t\t\t\t\t\t\t<div class=\"elementor-field-type-text elementor-field-group elementor-column elementor-field-group-name elementor-col-100 elementor-field-required elementor-mark-required\">\n\t\t\t\t\t\t\t\t\t\t\t\t<label for=\"form-field-name\" class=\"elementor-field-label\">\n\t\t\t\t\t\t\t\tNom\t\t\t\t\t\t\t<\/label>\n\t\t\t\t\t\t\t\t\t\t\t\t\t\t<input size=\"1\" type=\"text\" name=\"form_fields[name]\" id=\"form-field-name\" class=\"elementor-field elementor-size-md  elementor-field-textual\" placeholder=\"Nom\" required=\"required\">\n\t\t\t\t\t\t\t\t\t\t\t<\/div>\n\t\t\t\t\t\t\t\t<div class=\"elementor-field-type-text elementor-field-group elementor-column elementor-field-group-field_2bdedea elementor-col-100 elementor-field-required elementor-mark-required\">\n\t\t\t\t\t\t\t\t\t\t\t\t<label for=\"form-field-field_2bdedea\" class=\"elementor-field-label\">\n\t\t\t\t\t\t\t\tPr\u00e9nom\t\t\t\t\t\t\t<\/label>\n\t\t\t\t\t\t\t\t\t\t\t\t\t\t<input size=\"1\" type=\"text\" name=\"form_fields[field_2bdedea]\" id=\"form-field-field_2bdedea\" class=\"elementor-field elementor-size-md  elementor-field-textual\" placeholder=\"Pr\u00e9nom\" required=\"required\">\n\t\t\t\t\t\t\t\t\t\t\t<\/div>\n\t\t\t\t\t\t\t\t<div class=\"elementor-field-type-email elementor-field-group elementor-column elementor-field-group-email elementor-col-100 elementor-field-required elementor-mark-required\">\n\t\t\t\t\t\t\t\t\t\t\t\t<label for=\"form-field-email\" class=\"elementor-field-label\">\n\t\t\t\t\t\t\t\tEmail\t\t\t\t\t\t\t<\/label>\n\t\t\t\t\t\t\t\t\t\t\t\t\t\t<input size=\"1\" type=\"email\" name=\"form_fields[email]\" id=\"form-field-email\" class=\"elementor-field elementor-size-md  elementor-field-textual\" placeholder=\"Email\" required=\"required\">\n\t\t\t\t\t\t\t\t\t\t\t<\/div>\n\t\t\t\t\t\t\t\t<div class=\"elementor-field-type-text elementor-field-group elementor-column elementor-field-group-field_632d8c3 elementor-col-100 elementor-field-required elementor-mark-required\">\n\t\t\t\t\t\t\t\t\t\t\t\t<label for=\"form-field-field_632d8c3\" class=\"elementor-field-label\">\n\t\t\t\t\t\t\t\tEntreprise\t\t\t\t\t\t\t<\/label>\n\t\t\t\t\t\t\t\t\t\t\t\t\t\t<input size=\"1\" type=\"text\" name=\"form_fields[field_632d8c3]\" id=\"form-field-field_632d8c3\" class=\"elementor-field elementor-size-md  elementor-field-textual\" placeholder=\"Entreprise\" required=\"required\">\n\t\t\t\t\t\t\t\t\t\t\t<\/div>\n\t\t\t\t\t\t\t\t<div class=\"elementor-field-type-text elementor-field-group elementor-column elementor-field-group-field_b59a45f elementor-col-100 elementor-field-required elementor-mark-required\">\n\t\t\t\t\t\t\t\t\t\t\t\t<label for=\"form-field-field_b59a45f\" class=\"elementor-field-label\">\n\t\t\t\t\t\t\t\tT\u00e9l\u00e9phone\t\t\t\t\t\t\t<\/label>\n\t\t\t\t\t\t\t\t\t\t\t\t\t\t<input size=\"1\" type=\"text\" name=\"form_fields[field_b59a45f]\" id=\"form-field-field_b59a45f\" class=\"elementor-field elementor-size-md  elementor-field-textual\" placeholder=\"T\u00e9l\u00e9phone\" required=\"required\">\n\t\t\t\t\t\t\t\t\t\t\t<\/div>\n\t\t\t\t\t\t\t\t<div class=\"elementor-field-type-textarea elementor-field-group elementor-column elementor-field-group-message elementor-col-100 elementor-field-required elementor-mark-required\">\n\t\t\t\t\t\t\t\t\t\t\t\t<label for=\"form-field-message\" class=\"elementor-field-label\">\n\t\t\t\t\t\t\t\tMessage\t\t\t\t\t\t\t<\/label>\n\t\t\t\t\t\t<textarea class=\"elementor-field-textual elementor-field  elementor-size-md\" name=\"form_fields[message]\" id=\"form-field-message\" rows=\"4\" placeholder=\"Message\" required=\"required\"><\/textarea>\t\t\t\t<\/div>\n\t\t\t\t\t\t\t\t<div class=\"elementor-field-type-recaptcha elementor-field-group elementor-column elementor-field-group-field_4979a9f elementor-col-100\">\n\t\t\t\t\t<div class=\"elementor-field\" id=\"form-field-field_4979a9f\"><div class=\"elementor-g-recaptcha\" data-sitekey=\"6LdXKZMpAAAAAKEgSZOZAt6td_nKrbuAfBa2ThAu\" data-type=\"v2_checkbox\" data-theme=\"light\" data-size=\"normal\"><\/div><\/div>\t\t\t\t<\/div>\n\t\t\t\t\t\t\t\t<div class=\"elementor-field-group elementor-column elementor-field-type-submit elementor-col-20 e-form__buttons\">\n\t\t\t\t\t<button class=\"elementor-button elementor-size-sm elementor-animation-grow\" type=\"submit\">\n\t\t\t\t\t\t<span class=\"elementor-button-content-wrapper\">\n\t\t\t\t\t\t\t\t\t\t\t\t\t\t\t<span class=\"elementor-button-icon\">\n\t\t\t\t\t\t\t\t\t<i aria-hidden=\"true\" class=\"fas fa-arrow-up\"><\/i>\t\t\t\t\t\t\t\t\t\t\t\t\t\t\t\t\t<\/span>\n\t\t\t\t\t\t\t\t\t\t\t\t\t\t\t\t\t\t\t\t\t\t<span class=\"elementor-button-text\">Envoyer<\/span>\n\t\t\t\t\t\t\t\t\t\t\t\t\t<\/span>\n\t\t\t\t\t<\/button>\n\t\t\t\t<\/div>\n\t\t\t<\/div>\n\t\t<\/form>\n\t\t\t\t\t\t<\/div>\n\t\t\t\t<\/div>\n\t\t\t\t\t<\/div>\n\t\t<\/div>\n\t\t\t\t\t<\/div>\n\t\t<\/section>\n\t\t\t\t<\/div>\n\t\t","protected":false},"excerpt":{"rendered":"<p>Let's discuss about your ideas and projects<\/p>","protected":false},"author":1,"featured_media":0,"parent":0,"menu_order":0,"comment_status":"closed","ping_status":"closed","template":"","meta":{"_seopress_robots_primary_cat":"","_seopress_titles_title":"Contact : Solutions immersives sur mesure - Virteem","_seopress_titles_desc":"Contactez Virteem pour d\u00e9couvrir nos solutions immersives : visites virtuelles, salons en ligne et r\u00e9alit\u00e9 virtuelle sur mesure.","_seopress_robots_index":"","inline_featured_image":false,"_vp_format_video_url":"","_vp_image_focal_point":[],"footnotes":""},"class_list":["post-12","page","type-page","status-publish","hentry","grve-entry-item"],"yoast_head":"<!-- This site is optimized with the Yoast SEO plugin v27.3 - https:\/\/yoast.com\/product\/yoast-seo-wordpress\/ -->\n<title>Contact : Solutions immersives sur mesure - Virteem<\/title>\n<meta name=\"description\" content=\"Contactez Virteem pour d\u00e9couvrir nos solutions immersives : visites virtuelles, salons en ligne et r\u00e9alit\u00e9 virtuelle sur mesure.\" \/>\n<meta name=\"robots\" content=\"index, follow, max-snippet:-1, max-image-preview:large, max-video-preview:-1\" \/>\n<link rel=\"canonical\" href=\"https:\/\/www.virteem.fr\/en\/contact\/\" \/>\n<meta property=\"og:locale\" content=\"en_US\" \/>\n<meta property=\"og:type\" content=\"article\" \/>\n<meta property=\"og:title\" content=\"Contact : Solutions immersives sur mesure - Virteem\" \/>\n<meta property=\"og:description\" content=\"Contactez Virteem pour d\u00e9couvrir nos solutions immersives : visites virtuelles, salons en ligne et r\u00e9alit\u00e9 virtuelle sur mesure.\" \/>\n<meta property=\"og:url\" content=\"https:\/\/www.virteem.fr\/en\/contact\/\" \/>\n<meta property=\"og:site_name\" content=\"Virteem\" \/>\n<meta property=\"article:modified_time\" content=\"2025-05-02T10:15:33+00:00\" \/>\n<meta name=\"twitter:card\" content=\"summary_large_image\" \/>\n<meta name=\"twitter:label1\" content=\"Est. reading time\" \/>\n\t<meta name=\"twitter:data1\" content=\"1 minute\" \/>\n<script type=\"application\/ld+json\" class=\"yoast-schema-graph\">{\"@context\":\"https:\\\/\\\/schema.org\",\"@graph\":[{\"@type\":\"WebPage\",\"@id\":\"https:\\\/\\\/www.virteem.fr\\\/en\\\/contact\\\/\",\"url\":\"https:\\\/\\\/www.virteem.fr\\\/en\\\/contact\\\/\",\"name\":\"Contact : Solutions immersives sur mesure - Virteem\",\"isPartOf\":{\"@id\":\"http:\\\/\\\/www.virteem.fr\\\/en\\\/#website\"},\"datePublished\":\"2022-03-14T08:17:37+00:00\",\"dateModified\":\"2025-05-02T10:15:33+00:00\",\"description\":\"Contactez Virteem pour d\u00e9couvrir nos solutions immersives : visites virtuelles, salons en ligne et r\u00e9alit\u00e9 virtuelle sur mesure.\",\"breadcrumb\":{\"@id\":\"https:\\\/\\\/www.virteem.fr\\\/en\\\/contact\\\/#breadcrumb\"},\"inLanguage\":\"en-US\",\"potentialAction\":[{\"@type\":\"ReadAction\",\"target\":[\"https:\\\/\\\/www.virteem.fr\\\/en\\\/contact\\\/\"]}]},{\"@type\":\"BreadcrumbList\",\"@id\":\"https:\\\/\\\/www.virteem.fr\\\/en\\\/contact\\\/#breadcrumb\",\"itemListElement\":[{\"@type\":\"ListItem\",\"position\":1,\"name\":\"Home\",\"item\":\"http:\\\/\\\/www.virteem.fr\\\/en\\\/\"},{\"@type\":\"ListItem\",\"position\":2,\"name\":\"Contact\"}]},{\"@type\":\"WebSite\",\"@id\":\"http:\\\/\\\/www.virteem.fr\\\/en\\\/#website\",\"url\":\"http:\\\/\\\/www.virteem.fr\\\/en\\\/\",\"name\":\"Virteem\",\"description\":\"Expert en visite virtuelle \u00e0 360\u00b0\",\"publisher\":{\"@id\":\"http:\\\/\\\/www.virteem.fr\\\/en\\\/#organization\"},\"potentialAction\":[{\"@type\":\"SearchAction\",\"target\":{\"@type\":\"EntryPoint\",\"urlTemplate\":\"http:\\\/\\\/www.virteem.fr\\\/en\\\/?s={search_term_string}\"},\"query-input\":{\"@type\":\"PropertyValueSpecification\",\"valueRequired\":true,\"valueName\":\"search_term_string\"}}],\"inLanguage\":\"en-US\"},{\"@type\":\"Organization\",\"@id\":\"http:\\\/\\\/www.virteem.fr\\\/en\\\/#organization\",\"name\":\"Virteem\",\"url\":\"http:\\\/\\\/www.virteem.fr\\\/en\\\/\",\"logo\":{\"@type\":\"ImageObject\",\"inLanguage\":\"en-US\",\"@id\":\"http:\\\/\\\/www.virteem.fr\\\/en\\\/#\\\/schema\\\/logo\\\/image\\\/\",\"url\":\"https:\\\/\\\/www.virteem.fr\\\/wp-content\\\/uploads\\\/2022\\\/05\\\/Logo-format-Horizontal-Aplat-couleur-sur-fond-clair.svg\",\"contentUrl\":\"https:\\\/\\\/www.virteem.fr\\\/wp-content\\\/uploads\\\/2022\\\/05\\\/Logo-format-Horizontal-Aplat-couleur-sur-fond-clair.svg\",\"width\":1366,\"height\":768,\"caption\":\"Virteem\"},\"image\":{\"@id\":\"http:\\\/\\\/www.virteem.fr\\\/en\\\/#\\\/schema\\\/logo\\\/image\\\/\"}}]}<\/script>\n<!-- \/ Yoast SEO plugin. -->","yoast_head_json":{"title":"Contact : Solutions immersives sur mesure - Virteem","description":"Contactez Virteem pour d\u00e9couvrir nos solutions immersives : visites virtuelles, salons en ligne et r\u00e9alit\u00e9 virtuelle sur mesure.","robots":{"index":"index","follow":"follow","max-snippet":"max-snippet:-1","max-image-preview":"max-image-preview:large","max-video-preview":"max-video-preview:-1"},"canonical":"https:\/\/www.virteem.fr\/en\/contact\/","og_locale":"en_US","og_type":"article","og_title":"Contact : Solutions immersives sur mesure - Virteem","og_description":"Contactez Virteem pour d\u00e9couvrir nos solutions immersives : visites virtuelles, salons en ligne et r\u00e9alit\u00e9 virtuelle sur mesure.","og_url":"https:\/\/www.virteem.fr\/en\/contact\/","og_site_name":"Virteem","article_modified_time":"2025-05-02T10:15:33+00:00","twitter_card":"summary_large_image","twitter_misc":{"Est. reading time":"1 minute"},"schema":{"@context":"https:\/\/schema.org","@graph":[{"@type":"WebPage","@id":"https:\/\/www.virteem.fr\/en\/contact\/","url":"https:\/\/www.virteem.fr\/en\/contact\/","name":"Contact : Solutions immersives sur mesure - Virteem","isPartOf":{"@id":"http:\/\/www.virteem.fr\/en\/#website"},"datePublished":"2022-03-14T08:17:37+00:00","dateModified":"2025-05-02T10:15:33+00:00","description":"Contactez Virteem pour d\u00e9couvrir nos solutions immersives : visites virtuelles, salons en ligne et r\u00e9alit\u00e9 virtuelle sur mesure.","breadcrumb":{"@id":"https:\/\/www.virteem.fr\/en\/contact\/#breadcrumb"},"inLanguage":"en-US","potentialAction":[{"@type":"ReadAction","target":["https:\/\/www.virteem.fr\/en\/contact\/"]}]},{"@type":"BreadcrumbList","@id":"https:\/\/www.virteem.fr\/en\/contact\/#breadcrumb","itemListElement":[{"@type":"ListItem","position":1,"name":"Home","item":"http:\/\/www.virteem.fr\/en\/"},{"@type":"ListItem","position":2,"name":"Contact"}]},{"@type":"WebSite","@id":"http:\/\/www.virteem.fr\/en\/#website","url":"http:\/\/www.virteem.fr\/en\/","name":"Virteem","description":"Expert en visite virtuelle \u00e0 360\u00b0","publisher":{"@id":"http:\/\/www.virteem.fr\/en\/#organization"},"potentialAction":[{"@type":"SearchAction","target":{"@type":"EntryPoint","urlTemplate":"http:\/\/www.virteem.fr\/en\/?s={search_term_string}"},"query-input":{"@type":"PropertyValueSpecification","valueRequired":true,"valueName":"search_term_string"}}],"inLanguage":"en-US"},{"@type":"Organization","@id":"http:\/\/www.virteem.fr\/en\/#organization","name":"Virteem","url":"http:\/\/www.virteem.fr\/en\/","logo":{"@type":"ImageObject","inLanguage":"en-US","@id":"http:\/\/www.virteem.fr\/en\/#\/schema\/logo\/image\/","url":"https:\/\/www.virteem.fr\/wp-content\/uploads\/2022\/05\/Logo-format-Horizontal-Aplat-couleur-sur-fond-clair.svg","contentUrl":"https:\/\/www.virteem.fr\/wp-content\/uploads\/2022\/05\/Logo-format-Horizontal-Aplat-couleur-sur-fond-clair.svg","width":1366,"height":768,"caption":"Virteem"},"image":{"@id":"http:\/\/www.virteem.fr\/en\/#\/schema\/logo\/image\/"}}]}},"_links":{"self":[{"href":"https:\/\/www.virteem.fr\/en\/wp-json\/wp\/v2\/pages\/12","targetHints":{"allow":["GET"]}}],"collection":[{"href":"https:\/\/www.virteem.fr\/en\/wp-json\/wp\/v2\/pages"}],"about":[{"href":"https:\/\/www.virteem.fr\/en\/wp-json\/wp\/v2\/types\/page"}],"author":[{"embeddable":true,"href":"https:\/\/www.virteem.fr\/en\/wp-json\/wp\/v2\/users\/1"}],"replies":[{"embeddable":true,"href":"https:\/\/www.virteem.fr\/en\/wp-json\/wp\/v2\/comments?post=12"}],"version-history":[{"count":93,"href":"https:\/\/www.virteem.fr\/en\/wp-json\/wp\/v2\/pages\/12\/revisions"}],"predecessor-version":[{"id":14743,"href":"https:\/\/www.virteem.fr\/en\/wp-json\/wp\/v2\/pages\/12\/revisions\/14743"}],"wp:attachment":[{"href":"https:\/\/www.virteem.fr\/en\/wp-json\/wp\/v2\/media?parent=12"}],"curies":[{"name":"wp","href":"https:\/\/api.w.org\/{rel}","templated":true}]}}